{"id":52,"date":"2025-03-05T14:58:15","date_gmt":"2025-03-05T13:58:15","guid":{"rendered":"https:\/\/mlm-psy.com\/?page_id=52"},"modified":"2025-04-08T15:28:34","modified_gmt":"2025-04-08T13:28:34","slug":"therapie","status":"publish","type":"page","link":"https:\/\/mlm-psy.com\/index.php\/therapie\/","title":{"rendered":"Th\u00e9rapie"},"content":{"rendered":"<p>[et_pb_section fb_built=&#8221;1&#8243; admin_label=&#8221;Header &#038; Services&#8221; _builder_version=&#8221;4.25.1&#8243; _module_preset=&#8221;default&#8221; background_color=&#8221;gcid-8544a4e2-27b8-420a-83de-1cee04f2fb29&#8243; locked=&#8221;off&#8221; collapsed=&#8221;on&#8221; global_colors_info=&#8221;{%22gcid-8544a4e2-27b8-420a-83de-1cee04f2fb29%22:%91%22background_color%22%93}&#8221;][et_pb_row _builder_version=&#8221;4.25.1&#8243; _module_preset=&#8221;default&#8221; global_colors_info=&#8221;{}&#8221;][et_pb_column type=&#8221;4_4&#8243; _builder_version=&#8221;4.25.1&#8243; _module_preset=&#8221;default&#8221; global_colors_info=&#8221;{}&#8221;][et_pb_heading title=&#8221;Services&#8221; _builder_version=&#8221;4.25.1&#8243; _module_preset=&#8221;cfc46452-d51a-4cf7-94d8-0d14795402c8&#8243; custom_padding=&#8221;20px||||false|false&#8221; border_width_top=&#8221;2px&#8221; locked=&#8221;off&#8221; global_colors_info=&#8221;{}&#8221;][\/et_pb_heading][\/et_pb_column][\/et_pb_row][\/et_pb_section][et_pb_section fb_built=&#8221;1&#8243; admin_label=&#8221;Approach&#8221; _builder_version=&#8221;4.25.1&#8243; _module_preset=&#8221;default&#8221; background_color=&#8221;gcid-8544a4e2-27b8-420a-83de-1cee04f2fb29&#8243; locked=&#8221;off&#8221; collapsed=&#8221;on&#8221; global_colors_info=&#8221;{%22gcid-8544a4e2-27b8-420a-83de-1cee04f2fb29%22:%91%22background_color%22%93}&#8221;][et_pb_row _builder_version=&#8221;4.25.1&#8243; _module_preset=&#8221;default&#8221; locked=&#8221;off&#8221; global_colors_info=&#8221;{}&#8221;][et_pb_column type=&#8221;4_4&#8243; _builder_version=&#8221;4.25.1&#8243; _module_preset=&#8221;default&#8221; global_colors_info=&#8221;{}&#8221;][et_pb_heading title=&#8221;Sexoth\u00e9rapie &#8221; _builder_version=&#8221;4.27.4&#8243; _module_preset=&#8221;6caf40ce-6651-47f3-af37-2072619e25e4&#8243; global_colors_info=&#8221;{}&#8221;][\/et_pb_heading][et_pb_image src=&#8221;http:\/\/mlm-psy.com\/wp-content\/uploads\/2025\/03\/bath-salts-1620255_1920.jpg&#8221; title_text=&#8221;bath-salts-1620255_1920&#8243; _builder_version=&#8221;4.27.4&#8243; _module_preset=&#8221;default&#8221; width=&#8221;54%&#8221; border_radii=&#8221;on|500px|500px|500px|500px&#8221; global_colors_info=&#8221;{}&#8221;][\/et_pb_image][\/et_pb_column][\/et_pb_row][et_pb_row _builder_version=&#8221;4.25.1&#8243; _module_preset=&#8221;default&#8221; locked=&#8221;off&#8221; global_colors_info=&#8221;{}&#8221;][et_pb_column type=&#8221;4_4&#8243; _builder_version=&#8221;4.25.1&#8243; _module_preset=&#8221;default&#8221; global_colors_info=&#8221;{}&#8221;][et_pb_text _builder_version=&#8221;4.27.4&#8243; _module_preset=&#8221;2302ab2e-fe4a-4b96-ba44-88ec7062cebc&#8221; text_text_color=&#8221;#000000&#8243; global_colors_info=&#8221;{}&#8221;]<\/p>\n<p><span>Pour qui ? Pour quoi ? <\/span><\/p>\n<p><span>Une bonne sant\u00e9 sexuelle permet une bonne sant\u00e9 globale. <\/span><\/p>\n<p><span>\u00cates-vous en bonne sant\u00e9 sexuelle ? <\/span><\/p>\n<p><span>L\u2019Energie Libidinale n\u2019est autre que l\u2019Energie Vitale (Ki), elle est \u00e9galement l\u2019Energie Cr\u00e9atrice du point de vue \u00e9rotique et sexuel. <\/span><\/p>\n<p><span>En r\u00e9activant cette \u00e9nergie, les \u00e9motions bloqu\u00e9es se lib\u00e8rent et le sentiment de bien-\u00eatre apparait. <\/span><\/p>\n<p><span>Le sexoth\u00e9rapie ou th\u00e9rapie sexuelle traite de nombreux troubles et dysfonctionnements que rencontrent les hommes, les femmes et les couples.<\/span><\/p>\n<p><span>En voici quelques exemples :<\/span><\/p>\n<ul>\n<li><span>Les troubles du d\u00e9sir (ex: Absence d\u2019int\u00earet pour la sexualit\u00e9 lors d\u2019une grossesse,\u00a0 de la m\u00e9nopause chez la femme ou l\u2019andropause chez l\u2019homme. Diminition libidinale)<\/span><\/li>\n<li><span>Les troubles du plaisir (ex: Anorgasmie. Troubles li\u00e9s \u00e0 la consommation de pornographie)<\/span><\/li>\n<li><span>Les troubles limitants les rapports sexuels satisfaisants (ex: Troubles \u00e9rectiles, \u00e9jaculation pr\u00e9coces chez l\u2019homme. Dyspareunies, mutilations, vaginismes chez la femme)<\/span><\/li>\n<\/ul>\n<p><span>\u00a0<\/span><\/p>\n<p><span>Votre MIEUX-\u00caTRE n\u2019attend plus que vous. <\/span><\/p>\n<p><span>\u00a0<\/span><\/p>\n<p><span>La consultation en sexoth\u00e9rapie intervient \u00e9galement lorsqu\u2019il y a un souhait de pr\u00e9vention et d\u2019information chez le jeune adulte ou l\u2019adolescent \u00e0 partir de 15 ans.<\/span><\/p>\n<p>[\/et_pb_text][et_pb_button _builder_version=&#8221;4.27.4&#8243; _module_preset=&#8221;b54ce943-70d7-435d-8ccf-49910a8d526c&#8221; global_colors_info=&#8221;{}&#8221;][\/et_pb_button][\/et_pb_column][\/et_pb_row][\/et_pb_section][et_pb_section fb_built=&#8221;1&#8243; admin_label=&#8221;Approach&#8221; _builder_version=&#8221;4.25.1&#8243; _module_preset=&#8221;default&#8221; background_color=&#8221;gcid-8544a4e2-27b8-420a-83de-1cee04f2fb29&#8243; locked=&#8221;off&#8221; collapsed=&#8221;on&#8221; global_colors_info=&#8221;{%22gcid-8544a4e2-27b8-420a-83de-1cee04f2fb29%22:%91%22background_color%22%93}&#8221;][et_pb_row _builder_version=&#8221;4.25.1&#8243; _module_preset=&#8221;default&#8221; locked=&#8221;off&#8221; global_colors_info=&#8221;{}&#8221;][et_pb_column type=&#8221;4_4&#8243; _builder_version=&#8221;4.25.1&#8243; _module_preset=&#8221;default&#8221; global_colors_info=&#8221;{}&#8221;][et_pb_heading title=&#8221;Th\u00e9rapie en Accueil du Stress et des \u00c9motions&#8221; _builder_version=&#8221;4.27.4&#8243; _module_preset=&#8221;6caf40ce-6651-47f3-af37-2072619e25e4&#8243; global_colors_info=&#8221;{}&#8221;][\/et_pb_heading][et_pb_image src=&#8221;http:\/\/mlm-psy.com\/wp-content\/uploads\/2025\/03\/fitness-3448864_1920.jpg&#8221; title_text=&#8221;fitness-3448864_1920&#8243; _builder_version=&#8221;4.27.4&#8243; _module_preset=&#8221;default&#8221; border_radii=&#8221;on|500px|500px|500px|500px&#8221; global_colors_info=&#8221;{}&#8221;][\/et_pb_image][\/et_pb_column][\/et_pb_row][et_pb_row _builder_version=&#8221;4.25.1&#8243; _module_preset=&#8221;default&#8221; locked=&#8221;off&#8221; global_colors_info=&#8221;{}&#8221;][et_pb_column type=&#8221;4_4&#8243; _builder_version=&#8221;4.25.1&#8243; _module_preset=&#8221;default&#8221; global_colors_info=&#8221;{}&#8221;][et_pb_text _builder_version=&#8221;4.27.4&#8243; _module_preset=&#8221;2302ab2e-fe4a-4b96-ba44-88ec7062cebc&#8221; text_text_color=&#8221;#000000&#8243; global_colors_info=&#8221;{}&#8221;]<\/p>\n<p><span>Le stress est un v\u00e9ritable fl\u00e9au dans notre soci\u00e9t\u00e9 moderne qui ne fait qu\u2019acc\u00e9l\u00e9rer. <\/span><\/p>\n<p><span>Il est un signal envoy\u00e9 par le complexe <em>corps-esprit<\/em> qui indique l\u2019existence d\u2019une perturbation dans le processus d\u2019assimilation des variations de l\u2019environnement. <\/span><\/p>\n<p><span>Apprenez \u00e0 d\u00e9chiffrer ce langage psychosomatique qui vous est personnel. <\/span><\/p>\n<p><span>Les troubles alimentaires, du sommeil ou de l\u2019humeur sont autant d\u2019indices qui traduisent un appel profond \u00e0 la gu\u00e9rison des maux inconscients. <\/span><\/p>\n<p><span>Les probl\u00e9matiques m\u00e9dicales ne concernent pas uniquement la dimension physique de l\u2019\u00eatre. Les aspects \u00e9motionnels, affectifs et mentaux sont \u00e9galement en \u0153uvre dans l\u2019harmonisation de l\u2019\u00catre. <\/span><\/p>\n<p><span>L\u2019objectif principal est votre MIEUX-\u00caTRE<\/span><\/p>\n<p><span>Combin\u00e9e \u00e0 la sophrologie et \u00e0 la coh\u00e9rence cardiaque pratiqu\u00e9es \u00e0 chaque s\u00e9ance, cette th\u00e9rapie permet d\u2019appr\u00e9hender sereinement les transformations de la vie et de tirer profit de son plein potentiel. <\/span><\/p>\n<p><span>Plus vous conna\u00eetrez vos m\u00e9canismes de fonctionnement psycho-\u00e9motionnels et mieux vous puiserez dans vos ressources internes. <\/span><\/p>\n<p><span>N\u2019ayez plus peur de vos \u00e9motions. Dans cet espace th\u00e9rapeutique vous entrez en contact avec elles dans un cadre s\u00e9curisant et bienveillant. <\/span><\/p>\n<p>[\/et_pb_text][et_pb_button _builder_version=&#8221;4.27.4&#8243; _module_preset=&#8221;b54ce943-70d7-435d-8ccf-49910a8d526c&#8221; global_colors_info=&#8221;{}&#8221;][\/et_pb_button][\/et_pb_column][\/et_pb_row][\/et_pb_section][et_pb_section fb_built=&#8221;1&#8243; admin_label=&#8221;Approach&#8221; _builder_version=&#8221;4.25.1&#8243; _module_preset=&#8221;default&#8221; background_color=&#8221;gcid-8544a4e2-27b8-420a-83de-1cee04f2fb29&#8243; locked=&#8221;off&#8221; collapsed=&#8221;on&#8221; global_colors_info=&#8221;{%22gcid-8544a4e2-27b8-420a-83de-1cee04f2fb29%22:%91%22background_color%22%93}&#8221;][et_pb_row _builder_version=&#8221;4.25.1&#8243; _module_preset=&#8221;default&#8221; locked=&#8221;off&#8221; global_colors_info=&#8221;{}&#8221;][et_pb_column type=&#8221;4_4&#8243; _builder_version=&#8221;4.25.1&#8243; _module_preset=&#8221;default&#8221; global_colors_info=&#8221;{}&#8221;][et_pb_heading title=&#8221;Art-Th\u00e9rapie&#8221; _builder_version=&#8221;4.27.4&#8243; _module_preset=&#8221;6caf40ce-6651-47f3-af37-2072619e25e4&#8243; global_colors_info=&#8221;{}&#8221;][\/et_pb_heading][et_pb_image src=&#8221;http:\/\/mlm-psy.com\/wp-content\/uploads\/2025\/03\/brushes-2927793_1920.jpg&#8221; title_text=&#8221;brushes-2927793_1920&#8243; _builder_version=&#8221;4.27.4&#8243; _module_preset=&#8221;default&#8221; border_radii=&#8221;on|500px|500px|500px|500px&#8221; global_colors_info=&#8221;{}&#8221;][\/et_pb_image][\/et_pb_column][\/et_pb_row][et_pb_row _builder_version=&#8221;4.25.1&#8243; _module_preset=&#8221;default&#8221; locked=&#8221;off&#8221; global_colors_info=&#8221;{}&#8221;][et_pb_column type=&#8221;4_4&#8243; _builder_version=&#8221;4.25.1&#8243; _module_preset=&#8221;default&#8221; global_colors_info=&#8221;{}&#8221;][et_pb_text _builder_version=&#8221;4.27.4&#8243; _module_preset=&#8221;2302ab2e-fe4a-4b96-ba44-88ec7062cebc&#8221; text_text_color=&#8221;#000000&#8243; global_colors_info=&#8221;{}&#8221;]<\/p>\n<p><span>Forme &#8211; Couleur &#8211; Geste &#8211; Intention &#8211; Transparence &#8211; Expression &#8211; Rythme &#8211; As.Sym\u00e9trie &#8211; \u00c9paisseur &#8211; Consonance &#8211; Profondeur &#8211; Torsion &#8211; R\u00e9p\u00e9tition &#8211; Singularit\u00e9 &#8211; Originalit\u00e9 &#8211; Texture &#8211; Mouvement \u2026<\/span><\/p>\n<p><span>Tous ces aspects de cr\u00e9ativit\u00e9 sont mis en perspective sous le spectre du mouvement artistique, dans le but d\u2019en apprendre d\u2019avantage sur Soi. <\/span><\/p>\n<p><span>Cr\u00e9ativit\u00e9 rime toujours avec Libert\u00e9. Soyez libre de vous cr\u00e9er \u00e0 votre image.<\/span><\/p>\n<p><span>L\u2019objectif de l\u2019art-th\u00e9rapie n\u2019est pas de fabriquer du Beau ou de cr\u00e9er de l\u2019Esth\u00e9tique. Il s\u2019agit de cr\u00e9er une voie d\u2019acc\u00e8s \u00e0 votre dialogue int\u00e9rieur.\u00a0 <\/span><\/p>\n<p><span>Les neurosciences d\u00e9crivent depuis les ann\u00e9es 90 le processus de cr\u00e9ation artistique libre comme agissant au niveau de la plasticit\u00e9 c\u00e9r\u00e9brale. En effet cela engendre des modifications dans la structure neuronale du cerveau. De nouvelles connexions synaptiques se cr\u00e9ent et permettent ainsi une r\u00e9organisation psychique. <\/span><\/p>\n<p><span>Dans cet espace th\u00e9rapeutique :<\/span><\/p>\n<ul>\n<li><span>Vous existez \u00e0 travers le mouvement artistique cr\u00e9\u00e9<\/span><\/li>\n<li><span>Vous transvasez la mati\u00e8re imaginaire dans le r\u00e9el <\/span><\/li>\n<li><span>Vous transformez et modelez votre \u00catre <\/span><\/li>\n<li><span>Vous vous reliez \u00e0 votre \u00e9lan vital<\/span><\/li>\n<li><span>Vous explorez votre univers int\u00e9rieur<\/span><\/li>\n<\/ul>\n<p>[\/et_pb_text][et_pb_button _builder_version=&#8221;4.27.4&#8243; _module_preset=&#8221;b54ce943-70d7-435d-8ccf-49910a8d526c&#8221; global_colors_info=&#8221;{}&#8221;][\/et_pb_button][\/et_pb_column][\/et_pb_row][\/et_pb_section][et_pb_section fb_built=&#8221;1&#8243; admin_label=&#8221;Approach&#8221; _builder_version=&#8221;4.25.1&#8243; _module_preset=&#8221;default&#8221; background_color=&#8221;gcid-8544a4e2-27b8-420a-83de-1cee04f2fb29&#8243; locked=&#8221;off&#8221; collapsed=&#8221;on&#8221; global_colors_info=&#8221;{%22gcid-8544a4e2-27b8-420a-83de-1cee04f2fb29%22:%91%22background_color%22%93}&#8221;][et_pb_row _builder_version=&#8221;4.25.1&#8243; _module_preset=&#8221;default&#8221; locked=&#8221;off&#8221; global_colors_info=&#8221;{}&#8221;][et_pb_column type=&#8221;4_4&#8243; _builder_version=&#8221;4.25.1&#8243; _module_preset=&#8221;default&#8221; global_colors_info=&#8221;{}&#8221;][et_pb_heading title=&#8221;Analyse et Interpr\u00e9tation du Dessin chez l\u2019Enfant et l\u2019Adolescent&#8221; _builder_version=&#8221;4.27.4&#8243; _module_preset=&#8221;6caf40ce-6651-47f3-af37-2072619e25e4&#8243; global_colors_info=&#8221;{}&#8221;][\/et_pb_heading][et_pb_image src=&#8221;http:\/\/mlm-psy.com\/wp-content\/uploads\/2025\/03\/child-8347081_1920.jpg&#8221; title_text=&#8221;child-8347081_1920&#8243; _builder_version=&#8221;4.27.4&#8243; _module_preset=&#8221;default&#8221; border_radii=&#8221;on|500px|500px|500px|500px&#8221; global_colors_info=&#8221;{}&#8221;][\/et_pb_image][\/et_pb_column][\/et_pb_row][et_pb_row _builder_version=&#8221;4.25.1&#8243; _module_preset=&#8221;default&#8221; locked=&#8221;off&#8221; global_colors_info=&#8221;{}&#8221;][et_pb_column type=&#8221;4_4&#8243; _builder_version=&#8221;4.25.1&#8243; _module_preset=&#8221;default&#8221; global_colors_info=&#8221;{}&#8221;][et_pb_text _builder_version=&#8221;4.27.4&#8243; _module_preset=&#8221;2302ab2e-fe4a-4b96-ba44-88ec7062cebc&#8221; text_text_color=&#8221;#000000&#8243; global_colors_info=&#8221;{}&#8221;]<\/p>\n<p class=\"Corps\"><span class=\"Aucun\"><span style=\"font-size: 13.0pt;\">Le dessin raconte et exprime ce que l\u2019enfant ou l\u2019adolescent ne peut formuler verbalement. D\u00e8s l\u2019instant o\u00f9 l\u2019enfant commence \u00e0 se repr\u00e9senter lui-m\u00eame (dessin du bonhomme-t\u00eatard vers 3-4 ans) il transmet un message. <o:p><\/o:p><\/span><\/span><\/p>\n<p class=\"Corps\"><span class=\"Aucun\"><span style=\"font-size: 13.0pt;\">Ce support r\u00e9v\u00e8le le d\u00e9veloppement psychomoteur, les capacit\u00e9s intellectuelles et \u00e9motionnelles ainsi que les m\u00e9canismes de pens\u00e9es inconscientes. <o:p><\/o:p><\/span><\/span><\/p>\n<p class=\"Corps\"><span class=\"Aucun\"><span style=\"font-size: 13.0pt;\">Le dessin est un outil permettant d\u2019exprimer librement les mouvements int\u00e9rieurs. Cela \u00e9vite la cristallisation des conflits internes dans le complexe <i>corps-esprit.<o:p><\/o:p><\/i><\/span><\/span><\/p>\n<p class=\"Corps\"><span class=\"Aucun\"><span style=\"font-size: 13.0pt;\">Les parents et \u00e9ducateurs peuvent ainsi mieux comprendre l\u2019enfant qu\u2019ils accompagnent dans son d\u00e9veloppement. <o:p><\/o:p><\/span><\/span><\/p>\n<p class=\"Corps\"><span class=\"Aucun\"><span style=\"font-size: 13.0pt;\">L\u2019int\u00e9r\u00eat de ce cadre th\u00e9rapeutique se trouve \u00e9galement dans l\u2019aspect non intrusif qui pallie aux s\u00e9ances traditionnelles de psychoth\u00e9rapie du jeune o\u00f9 l\u2019on constate du mutisme. <o:p><\/o:p><\/span><\/span><\/p>\n<p class=\"Corps\"><span class=\"Aucun\"><span style=\"font-size: 13.0pt;\">C\u2019est un rendez-vous attendu quant au caract\u00e8re ludique des s\u00e9ances. C\u2019est \u00e0 travers le jeu que l\u2019enfant se construit. <o:p><\/o:p><\/span><\/span><\/p>\n<p>[\/et_pb_text][et_pb_button _builder_version=&#8221;4.27.4&#8243; _module_preset=&#8221;b54ce943-70d7-435d-8ccf-49910a8d526c&#8221; global_colors_info=&#8221;{}&#8221;][\/et_pb_button][\/et_pb_column][\/et_pb_row][\/et_pb_section]<\/p>\n","protected":false},"excerpt":{"rendered":"<p>Pour qui ? Pour quoi ? Une bonne sant\u00e9 sexuelle permet une bonne sant\u00e9 globale. \u00cates-vous en bonne sant\u00e9 sexuelle ? L\u2019Energie Libidinale n\u2019est autre que l\u2019Energie Vitale (Ki), elle est \u00e9galement l\u2019Energie Cr\u00e9atrice du point de vue \u00e9rotique et sexuel. En r\u00e9activant cette \u00e9nergie, les \u00e9motions bloqu\u00e9es se lib\u00e8rent et le sentiment de bien-\u00eatre [&hellip;]<\/p>\n","protected":false},"author":1,"featured_media":0,"parent":0,"menu_order":0,"comment_status":"closed","ping_status":"closed","template":"","meta":{"_et_pb_use_builder":"on","_et_pb_old_content":"","_et_gb_content_width":"","footnotes":""},"class_list":["post-52","page","type-page","status-publish","hentry"],"_links":{"self":[{"href":"https:\/\/mlm-psy.com\/index.php\/wp-json\/wp\/v2\/pages\/52","targetHints":{"allow":["GET"]}}],"collection":[{"href":"https:\/\/mlm-psy.com\/index.php\/wp-json\/wp\/v2\/pages"}],"about":[{"href":"https:\/\/mlm-psy.com\/index.php\/wp-json\/wp\/v2\/types\/page"}],"author":[{"embeddable":true,"href":"https:\/\/mlm-psy.com\/index.php\/wp-json\/wp\/v2\/users\/1"}],"replies":[{"embeddable":true,"href":"https:\/\/mlm-psy.com\/index.php\/wp-json\/wp\/v2\/comments?post=52"}],"version-history":[{"count":25,"href":"https:\/\/mlm-psy.com\/index.php\/wp-json\/wp\/v2\/pages\/52\/revisions"}],"predecessor-version":[{"id":189,"href":"https:\/\/mlm-psy.com\/index.php\/wp-json\/wp\/v2\/pages\/52\/revisions\/189"}],"wp:attachment":[{"href":"https:\/\/mlm-psy.com\/index.php\/wp-json\/wp\/v2\/media?parent=52"}],"curies":[{"name":"wp","href":"https:\/\/api.w.org\/{rel}","templated":true}]}}