{"id":6,"date":"2024-12-04T14:35:49","date_gmt":"2024-12-04T13:35:49","guid":{"rendered":"https:\/\/mlm-psy.com\/?page_id=6"},"modified":"2025-04-11T11:05:24","modified_gmt":"2025-04-11T09:05:24","slug":"6-2","status":"publish","type":"page","link":"https:\/\/mlm-psy.com\/","title":{"rendered":"Accueil"},"content":{"rendered":"<p>[et_pb_section fb_built=&#8221;1&#8243; admin_label=&#8221;Header&#8221; _builder_version=&#8221;4.25.1&#8243; _module_preset=&#8221;default&#8221; background_color=&#8221;gcid-8544a4e2-27b8-420a-83de-1cee04f2fb29&#8243; collapsed=&#8221;on&#8221; global_colors_info=&#8221;{%22gcid-8544a4e2-27b8-420a-83de-1cee04f2fb29%22:%91%22background_color%22%93}&#8221;][et_pb_row column_structure=&#8221;2_3,1_3&#8243; _builder_version=&#8221;4.25.1&#8243; _module_preset=&#8221;default&#8221; global_colors_info=&#8221;{}&#8221;][et_pb_column type=&#8221;2_3&#8243; _builder_version=&#8221;4.25.1&#8243; _module_preset=&#8221;default&#8221; global_colors_info=&#8221;{}&#8221;][et_pb_heading title=&#8221;Le capital sant\u00e9 est sans conteste le bien le plus pr\u00e9cieux&#8221; _builder_version=&#8221;4.27.4&#8243; _module_preset=&#8221;cc48be07-4c56-4779-83ee-abac4fa3df32&#8243; title_font_size=&#8221;82px&#8221; max_width=&#8221;700px&#8221; custom_padding=&#8221;20px||||false|false&#8221; border_width_top=&#8221;2px&#8221; locked=&#8221;off&#8221; global_colors_info=&#8221;{}&#8221;][\/et_pb_heading][\/et_pb_column][et_pb_column type=&#8221;1_3&#8243; _builder_version=&#8221;4.25.1&#8243; _module_preset=&#8221;default&#8221; global_colors_info=&#8221;{}&#8221;][et_pb_text _builder_version=&#8221;4.27.4&#8243; _module_preset=&#8221;47cc4935-6b7b-414b-86d6-80bb94db44e9&#8243; global_colors_info=&#8221;{}&#8221;]<\/p>\n<p><span>L\u2019hygi\u00e8ne de vie en est l\u2019un de ses param\u00e8tres. Nous savons tous qu\u2019une alimentation vari\u00e9e et \u00e9quilibr\u00e9e permet de maintenir le corps en bonne sant\u00e9.<\/span><\/p>\n<p class=\"Corps\"><span class=\"Aucun\"><span style=\"font-size: 13.0pt;\">Il en est de m\u00eame pour l\u2019activit\u00e9 physique dont les bienfaits ne sont plus \u00e0 d\u00e9montrer. <o:p><\/o:p><\/span><\/span><\/p>\n<p>[\/et_pb_text][et_pb_button button_url=&#8221;@ET-DC@eyJkeW5hbWljIjp0cnVlLCJjb250ZW50IjoicG9zdF9saW5rX3VybF9wYWdlIiwic2V0dGluZ3MiOnsicG9zdF9pZCI6IjQzIn19@&#8221; url_new_window=&#8221;on&#8221; button_text=&#8221;prestations&#8221; _builder_version=&#8221;4.27.4&#8243; _dynamic_attributes=&#8221;button_url&#8221; _module_preset=&#8221;df219bf0-db5f-4bdf-95f8-603cdbcd93f1&#8243; global_colors_info=&#8221;{}&#8221;][\/et_pb_button][\/et_pb_column][\/et_pb_row][et_pb_row _builder_version=&#8221;4.25.1&#8243; _module_preset=&#8221;default&#8221; global_colors_info=&#8221;{}&#8221;][et_pb_column type=&#8221;4_4&#8243; _builder_version=&#8221;4.25.1&#8243; _module_preset=&#8221;default&#8221; global_colors_info=&#8221;{}&#8221;][et_pb_image src=&#8221;http:\/\/mlm-psy.com\/wp-content\/uploads\/2024\/12\/psychologist-04.jpg&#8221; title_text=&#8221;psychologist-04&#8243; show_bottom_space=&#8221;off&#8221; _builder_version=&#8221;4.27.4&#8243; _module_preset=&#8221;default&#8221; hover_enabled=&#8221;0&#8243; border_radii=&#8221;on|500px|500px|500px|500px&#8221; global_colors_info=&#8221;{}&#8221; sticky_enabled=&#8221;0&#8243;][\/et_pb_image][et_pb_divider show_divider=&#8221;off&#8221; _builder_version=&#8221;4.27.4&#8243; _module_preset=&#8221;default&#8221; background_color=&#8221;gcid-bcc99e3b-722a-4dba-85e5-49c6d1592562&#8243; positioning=&#8221;absolute&#8221; position_origin_a=&#8221;bottom_left&#8221; width=&#8221;90px&#8221; width_tablet=&#8221;90px&#8221; width_phone=&#8221;60px&#8221; width_last_edited=&#8221;on|desktop&#8221; height=&#8221;90px&#8221; height_tablet=&#8221;90px&#8221; height_phone=&#8221;60px&#8221; height_last_edited=&#8221;on|desktop&#8221; border_radii=&#8221;on|500px|500px|500px|500px&#8221; locked=&#8221;off&#8221; global_colors_info=&#8221;{%22gcid-bcc99e3b-722a-4dba-85e5-49c6d1592562%22:%91%22background_color%22,%22background_color%22%93}&#8221;][\/et_pb_divider][\/et_pb_column][\/et_pb_row][\/et_pb_section][et_pb_section fb_built=&#8221;1&#8243; admin_label=&#8221;About&#8221; _builder_version=&#8221;4.25.1&#8243; _module_preset=&#8221;default&#8221; background_color=&#8221;gcid-8544a4e2-27b8-420a-83de-1cee04f2fb29&#8243; locked=&#8221;off&#8221; collapsed=&#8221;on&#8221; global_colors_info=&#8221;{%22gcid-8544a4e2-27b8-420a-83de-1cee04f2fb29%22:%91%22background_color%22%93}&#8221;][et_pb_row _builder_version=&#8221;4.25.1&#8243; _module_preset=&#8221;default&#8221; global_colors_info=&#8221;{}&#8221;][et_pb_column type=&#8221;4_4&#8243; _builder_version=&#8221;4.25.1&#8243; _module_preset=&#8221;default&#8221; global_colors_info=&#8221;{}&#8221;][et_pb_image src=&#8221;http:\/\/mlm-psy.com\/wp-content\/uploads\/2024\/12\/psychologist-05.jpg&#8221; title_text=&#8221;psychologist-05&#8243; align=&#8221;center&#8221; _builder_version=&#8221;4.25.1&#8243; _module_preset=&#8221;default&#8221; max_width=&#8221;200px&#8221; border_radii=&#8221;on|500px|500px|500px|500px&#8221; locked=&#8221;off&#8221; global_colors_info=&#8221;{}&#8221;][\/et_pb_image][et_pb_heading title=&#8221;Mais il existe un param\u00e8tre plus important encore et qui d\u00e9termine tous les aspects de notre vie : &#8221; _builder_version=&#8221;4.27.4&#8243; _module_preset=&#8221;5c3416ea-51c8-4fb8-87ac-32d818696f49&#8243; title_text_align=&#8221;center&#8221; title_text_color=&#8221;gcid-fa3e187d-20a7-4c5a-962d-49a38117a4cc&#8221; global_colors_info=&#8221;{%22gcid-fa3e187d-20a7-4c5a-962d-49a38117a4cc%22:%91%22title_text_color%22%93}&#8221;][\/et_pb_heading][et_pb_heading title=&#8221;LA SANT\u00c9 MENTALE&#8221; _builder_version=&#8221;4.27.4&#8243; _module_preset=&#8221;794a4bb8-4ca7-463f-b434-6e5ceccc2c8f&#8221; title_text_align=&#8221;center&#8221; locked=&#8221;off&#8221; global_colors_info=&#8221;{}&#8221;][\/et_pb_heading][et_pb_text _builder_version=&#8221;4.27.4&#8243; _module_preset=&#8221;47cc4935-6b7b-414b-86d6-80bb94db44e9&#8243; text_orientation=&#8221;center&#8221; global_colors_info=&#8221;{}&#8221;]<\/p>\n<p class=\"Corps\"><span class=\"Aucun\"><span style=\"font-size: 13.0pt;\">Au sein de mon Cabinet d\u2019accompagnement th\u00e9rapeutique pluridisciplinaire, le mot d\u2019ordre contient 3 simples lettres : SOI<o:p><\/o:p><\/span><\/span><\/p>\n<p>[\/et_pb_text][et_pb_button button_url=&#8221;@ET-DC@eyJkeW5hbWljIjp0cnVlLCJjb250ZW50IjoicG9zdF9saW5rX3VybF9wYWdlIiwic2V0dGluZ3MiOnsicG9zdF9pZCI6IjUyIn19@&#8221; url_new_window=&#8221;on&#8221; button_text=&#8221;Th\u00e9rapie&#8221; button_alignment=&#8221;center&#8221; _builder_version=&#8221;4.27.4&#8243; _dynamic_attributes=&#8221;button_url&#8221; _module_preset=&#8221;007a8a9d-2f7a-4e8b-ac81-84459076cd64&#8243; global_colors_info=&#8221;{}&#8221;][\/et_pb_button][\/et_pb_column][\/et_pb_row][\/et_pb_section][et_pb_section fb_built=&#8221;1&#8243; admin_label=&#8221;Call to Action&#8221; _builder_version=&#8221;4.25.1&#8243; _module_preset=&#8221;default&#8221; background_color=&#8221;gcid-8544a4e2-27b8-420a-83de-1cee04f2fb29&#8243; locked=&#8221;off&#8221; collapsed=&#8221;on&#8221; global_colors_info=&#8221;{%22gcid-8544a4e2-27b8-420a-83de-1cee04f2fb29%22:%91%22background_color%22%93,%22gcid-fa3e187d-20a7-4c5a-962d-49a38117a4cc%22:%91%22background_color%22%93}&#8221;][et_pb_row column_structure=&#8221;2_5,3_5&#8243; _builder_version=&#8221;4.25.1&#8243; _module_preset=&#8221;default&#8221; background_color=&#8221;gcid-fa3e187d-20a7-4c5a-962d-49a38117a4cc&#8221; max_width=&#8221;1200px&#8221; custom_padding=&#8221;60px|60px|60px|60px|true|true&#8221; global_colors_info=&#8221;{%22gcid-fa3e187d-20a7-4c5a-962d-49a38117a4cc%22:%91%22background_color%22%93}&#8221;][et_pb_column type=&#8221;2_5&#8243; _builder_version=&#8221;4.25.1&#8243; _module_preset=&#8221;default&#8221; global_colors_info=&#8221;{}&#8221;][et_pb_heading title=&#8221;Parlons-en !&#8221; _builder_version=&#8221;4.27.4&#8243; _module_preset=&#8221;794a4bb8-4ca7-463f-b434-6e5ceccc2c8f&#8221; title_text_color=&#8221;#FFFFFF&#8221; global_colors_info=&#8221;{}&#8221;][\/et_pb_heading][et_pb_image src=&#8221;http:\/\/mlm-psy.com\/wp-content\/uploads\/2024\/12\/psychologist-illustration-03-1.png&#8221; title_text=&#8221;psychologist-illustration-03-1&#8243; _builder_version=&#8221;4.25.1&#8243; _module_preset=&#8221;default&#8221; max_width=&#8221;260px&#8221; global_colors_info=&#8221;{}&#8221;][\/et_pb_image][\/et_pb_column][et_pb_column type=&#8221;3_5&#8243; _builder_version=&#8221;4.25.1&#8243; _module_preset=&#8221;default&#8221; global_colors_info=&#8221;{}&#8221;][et_pb_text _builder_version=&#8221;4.27.4&#8243; _module_preset=&#8221;8299f88a-6c02-4c6b-908d-70620fdc6c0c&#8221; global_colors_info=&#8221;{}&#8221;]<\/p>\n<p class=\"Corps\"><span class=\"Aucun\"><span style=\"font-size: 13.0pt;\">Cet espace vous appartient et vous est enti\u00e8rement d\u00e9di\u00e9. <o:p><\/o:p><\/span><\/span><\/p>\n<p class=\"Corps\"><span class=\"Aucun\"><span style=\"font-size: 13.0pt;\">Vous y d\u00e9posez vos charges mentales et affectives et nous faisons le tri ensemble. Que vos probl\u00e9matiques soient d\u2019ordre \u00e9motionnel, psychologique ou relationnel, l\u2019objectif est clair et toujours le m\u00eame : LE MIEUX-\u00caTRE <o:p><\/o:p><\/span><\/span><\/p>\n<p>[\/et_pb_text][et_pb_button button_url=&#8221;@ET-DC@eyJkeW5hbWljIjp0cnVlLCJjb250ZW50IjoicG9zdF9saW5rX3VybF9wYWdlIiwic2V0dGluZ3MiOnsicG9zdF9pZCI6IjkzIn19@&#8221; button_text=&#8221;Contact&#8221; _builder_version=&#8221;4.27.4&#8243; _dynamic_attributes=&#8221;button_url&#8221; _module_preset=&#8221;81d6a3f1-89f7-4270-b796-9f10322c6ac1&#8243; global_colors_info=&#8221;{}&#8221;][\/et_pb_button][\/et_pb_column][\/et_pb_row][\/et_pb_section][et_pb_section fb_built=&#8221;1&#8243; admin_label=&#8221;About&#8221; _builder_version=&#8221;4.27.4&#8243; _module_preset=&#8221;default&#8221; background_color=&#8221;gcid-8544a4e2-27b8-420a-83de-1cee04f2fb29&#8243; bottom_divider_style=&#8221;curve2&#8243; bottom_divider_color=&#8221;#9e59a8&#8243; locked=&#8221;off&#8221; collapsed=&#8221;on&#8221; global_colors_info=&#8221;{%22gcid-8544a4e2-27b8-420a-83de-1cee04f2fb29%22:%91%22background_color%22%93}&#8221;][et_pb_row _builder_version=&#8221;4.25.1&#8243; _module_preset=&#8221;default&#8221; global_colors_info=&#8221;{}&#8221;][et_pb_column type=&#8221;4_4&#8243; _builder_version=&#8221;4.25.1&#8243; _module_preset=&#8221;default&#8221; global_colors_info=&#8221;{}&#8221;][et_pb_text _builder_version=&#8221;4.27.4&#8243; _module_preset=&#8221;47cc4935-6b7b-414b-86d6-80bb94db44e9&#8243; text_orientation=&#8221;center&#8221; global_colors_info=&#8221;{}&#8221;]<\/p>\n<p class=\"Corps\"><span class=\"Aucun\"><span style=\"font-size: 13.0pt;\">Le processus de r\u00e9alisation de Soi peut \u00eatre long, fastidieux et parsem\u00e9 d\u2019\u00e9preuves. Nous sommes dot\u00e9s pourtant de ressources internes infinies qui cependant n\u00e9cessitent parfois une mise en lumi\u00e8re mais \u00e9galement un soutien par un professionnel sp\u00e9cifiquement form\u00e9. <o:p><\/o:p><\/span><\/span><\/p>\n<p>[\/et_pb_text][et_pb_heading title=&#8221;Entre VOUS et votre MIEUX-\u00caTRE, il n\u2019y a qu\u2019un pas. &#8221; _builder_version=&#8221;4.27.4&#8243; _module_preset=&#8221;794a4bb8-4ca7-463f-b434-6e5ceccc2c8f&#8221; title_text_align=&#8221;center&#8221; title_font_size=&#8221;40px&#8221; locked=&#8221;off&#8221; global_colors_info=&#8221;{}&#8221;][\/et_pb_heading][et_pb_button button_url=&#8221;@ET-DC@eyJkeW5hbWljIjp0cnVlLCJjb250ZW50IjoicG9zdF9saW5rX3VybF9wYWdlIiwic2V0dGluZ3MiOnsicG9zdF9pZCI6IjUyIn19@&#8221; url_new_window=&#8221;on&#8221; button_text=&#8221;Th\u00e9rapie&#8221; button_alignment=&#8221;center&#8221; _builder_version=&#8221;4.27.4&#8243; _dynamic_attributes=&#8221;button_url&#8221; _module_preset=&#8221;007a8a9d-2f7a-4e8b-ac81-84459076cd64&#8243; global_colors_info=&#8221;{}&#8221;][\/et_pb_button][\/et_pb_column][\/et_pb_row][\/et_pb_section]<\/p>\n","protected":false},"excerpt":{"rendered":"<p>L\u2019hygi\u00e8ne de vie en est l\u2019un de ses param\u00e8tres. Nous savons tous qu\u2019une alimentation vari\u00e9e et \u00e9quilibr\u00e9e permet de maintenir le corps en bonne sant\u00e9. Il en est de m\u00eame pour l\u2019activit\u00e9 physique dont les bienfaits ne sont plus \u00e0 d\u00e9montrer. Au sein de mon Cabinet d\u2019accompagnement th\u00e9rapeutique pluridisciplinaire, le mot d\u2019ordre contient 3 simples [&hellip;]<\/p>\n","protected":false},"author":1,"featured_media":0,"parent":0,"menu_order":0,"comment_status":"closed","ping_status":"closed","template":"","meta":{"_et_pb_use_builder":"on","_et_pb_old_content":"","_et_gb_content_width":"","footnotes":""},"class_list":["post-6","page","type-page","status-publish","hentry"],"_links":{"self":[{"href":"https:\/\/mlm-psy.com\/index.php\/wp-json\/wp\/v2\/pages\/6","targetHints":{"allow":["GET"]}}],"collection":[{"href":"https:\/\/mlm-psy.com\/index.php\/wp-json\/wp\/v2\/pages"}],"about":[{"href":"https:\/\/mlm-psy.com\/index.php\/wp-json\/wp\/v2\/types\/page"}],"author":[{"embeddable":true,"href":"https:\/\/mlm-psy.com\/index.php\/wp-json\/wp\/v2\/users\/1"}],"replies":[{"embeddable":true,"href":"https:\/\/mlm-psy.com\/index.php\/wp-json\/wp\/v2\/comments?post=6"}],"version-history":[{"count":28,"href":"https:\/\/mlm-psy.com\/index.php\/wp-json\/wp\/v2\/pages\/6\/revisions"}],"predecessor-version":[{"id":193,"href":"https:\/\/mlm-psy.com\/index.php\/wp-json\/wp\/v2\/pages\/6\/revisions\/193"}],"wp:attachment":[{"href":"https:\/\/mlm-psy.com\/index.php\/wp-json\/wp\/v2\/media?parent=6"}],"curies":[{"name":"wp","href":"https:\/\/api.w.org\/{rel}","templated":true}]}}