{"id":66,"date":"2025-03-05T16:08:22","date_gmt":"2025-03-05T15:08:22","guid":{"rendered":"https:\/\/mlm-psy.com\/?page_id=66"},"modified":"2025-04-07T15:50:08","modified_gmt":"2025-04-07T13:50:08","slug":"qui-suis-je","status":"publish","type":"page","link":"https:\/\/mlm-psy.com\/index.php\/qui-suis-je\/","title":{"rendered":"Qui suis-je?"},"content":{"rendered":"<p>[et_pb_section fb_built=&#8221;1&#8243; admin_label=&#8221;Header&#8221; _builder_version=&#8221;4.25.1&#8243; _module_preset=&#8221;default&#8221; background_color=&#8221;gcid-8544a4e2-27b8-420a-83de-1cee04f2fb29&#8243; locked=&#8221;off&#8221; collapsed=&#8221;on&#8221; global_colors_info=&#8221;{%22gcid-8544a4e2-27b8-420a-83de-1cee04f2fb29%22:%91%22background_color%22%93}&#8221;][et_pb_row column_structure=&#8221;3_5,2_5&#8243; _builder_version=&#8221;4.25.1&#8243; _module_preset=&#8221;default&#8221; global_colors_info=&#8221;{}&#8221;][et_pb_column type=&#8221;3_5&#8243; _builder_version=&#8221;4.25.1&#8243; _module_preset=&#8221;default&#8221; global_colors_info=&#8221;{}&#8221;][et_pb_heading title=&#8221;QUI SUIS-JE ?&#8221; _builder_version=&#8221;4.27.4&#8243; _module_preset=&#8221;3fc754eb-313d-48e4-93e3-553e13ef3822&#8243; custom_padding=&#8221;20px||||false|false&#8221; border_width_top=&#8221;2px&#8221; locked=&#8221;off&#8221; global_colors_info=&#8221;{}&#8221;][\/et_pb_heading][et_pb_text _builder_version=&#8221;4.27.4&#8243; _module_preset=&#8221;727738d1-e948-451d-bad1-aa2a19b3d04a&#8221; locked=&#8221;off&#8221; global_colors_info=&#8221;{}&#8221;]<\/p>\n<p><span>Psychopraticienne pluridisciplinaire, psychanalyste, musicienne, ancienne professeure de piano et de chant durant 20 ans, m\u00e8re d\u00e9vou\u00e9e de 4 enfants. <\/span><\/p>\n<p><span>J\u2019accompagne mes clients dans leur processus d\u2019individuation et de r\u00e9alisation gr\u00e2ce \u00e0 une large palette d\u2019outils d\u00e9velopp\u00e9s gr\u00e2ce \u00e0 mon expertise et au travers de multiples formations.<\/span><\/p>\n<p>[\/et_pb_text][et_pb_button button_url=&#8221;@ET-DC@eyJkeW5hbWljIjp0cnVlLCJjb250ZW50IjoicG9zdF9saW5rX3VybF9wYWdlIiwic2V0dGluZ3MiOnsicG9zdF9pZCI6IjkzIn19@&#8221; button_text=&#8221;Contact&#8221; _builder_version=&#8221;4.27.4&#8243; _dynamic_attributes=&#8221;button_url&#8221; _module_preset=&#8221;d4e9898c-fa5e-43e7-b0ab-f9a4ac8f07fe&#8221; locked=&#8221;off&#8221; global_colors_info=&#8221;{}&#8221;][\/et_pb_button][\/et_pb_column][et_pb_column type=&#8221;2_5&#8243; _builder_version=&#8221;4.25.1&#8243; _module_preset=&#8221;default&#8221; global_colors_info=&#8221;{}&#8221;][et_pb_image src=&#8221;http:\/\/mlm-psy.com\/wp-content\/uploads\/2025\/03\/psychologist-06.jpg&#8221; title_text=&#8221;psychologist-06&#8243; _builder_version=&#8221;4.25.1&#8243; _module_preset=&#8221;default&#8221; border_radii=&#8221;on|500px|500px|500px|500px&#8221; global_colors_info=&#8221;{}&#8221; width__hover_enabled=&#8221;off|desktop&#8221;][\/et_pb_image][et_pb_divider show_divider=&#8221;off&#8221; _builder_version=&#8221;4.25.1&#8243; _module_preset=&#8221;default&#8221; background_color=&#8221;gcid-bcc99e3b-722a-4dba-85e5-49c6d1592562&#8243; positioning=&#8221;absolute&#8221; position_origin_a=&#8221;top_right&#8221; width=&#8221;90px&#8221; width_tablet=&#8221;90px&#8221; width_phone=&#8221;60px&#8221; width_last_edited=&#8221;on|desktop&#8221; height=&#8221;90px&#8221; height_tablet=&#8221;90px&#8221; height_phone=&#8221;60px&#8221; height_last_edited=&#8221;on|desktop&#8221; border_radii=&#8221;on|500px|500px|500px|500px&#8221; global_colors_info=&#8221;{%22gcid-bcc99e3b-722a-4dba-85e5-49c6d1592562%22:%91%22background_color%22,%22background_color%22,%22background_color%22%93}&#8221;][\/et_pb_divider][\/et_pb_column][\/et_pb_row][\/et_pb_section][et_pb_section fb_built=&#8221;1&#8243; admin_label=&#8221;About&#8221; _builder_version=&#8221;4.27.4&#8243; _module_preset=&#8221;default&#8221; background_color=&#8221;gcid-8544a4e2-27b8-420a-83de-1cee04f2fb29&#8243; bottom_divider_style=&#8221;curve2&#8243; bottom_divider_color=&#8221;#9e59a8&#8243; hover_enabled=&#8221;0&#8243; locked=&#8221;off&#8221; collapsed=&#8221;on&#8221; global_colors_info=&#8221;{%22gcid-8544a4e2-27b8-420a-83de-1cee04f2fb29%22:%91%22background_color%22%93}&#8221; sticky_enabled=&#8221;0&#8243;][et_pb_row column_structure=&#8221;1_3,2_3&#8243; _builder_version=&#8221;4.25.1&#8243; _module_preset=&#8221;default&#8221; locked=&#8221;off&#8221; global_colors_info=&#8221;{}&#8221;][et_pb_column type=&#8221;1_3&#8243; _builder_version=&#8221;4.25.1&#8243; _module_preset=&#8221;default&#8221; global_colors_info=&#8221;{}&#8221;][et_pb_image src=&#8221;http:\/\/mlm-psy.com\/wp-content\/uploads\/2025\/03\/psychologist-illustration-04-1.png&#8221; title_text=&#8221;psychologist-illustration-04-1&#8243; _builder_version=&#8221;4.25.1&#8243; _module_preset=&#8221;default&#8221; max_width=&#8221;170px&#8221; global_colors_info=&#8221;{}&#8221;][\/et_pb_image][\/et_pb_column][et_pb_column type=&#8221;2_3&#8243; _builder_version=&#8221;4.25.1&#8243; _module_preset=&#8221;default&#8221; global_colors_info=&#8221;{}&#8221;][et_pb_heading title=&#8221;psychologie&#8221; _builder_version=&#8221;4.27.4&#8243; _module_preset=&#8221;fdec66fe-3ba1-4193-adbd-898655850da1&#8243; title_text_color=&#8221;gcid-fa3e187d-20a7-4c5a-962d-49a38117a4cc&#8221; global_colors_info=&#8221;{%22gcid-fa3e187d-20a7-4c5a-962d-49a38117a4cc%22:%91%22title_text_color%22%93}&#8221;][\/et_pb_heading][et_pb_heading _builder_version=&#8221;4.27.4&#8243; _module_preset=&#8221;a14acc5b-34db-45c0-bcd6-c21641ec9346&#8243; global_colors_info=&#8221;{}&#8221;][\/et_pb_heading][et_pb_text _builder_version=&#8221;4.27.4&#8243; _module_preset=&#8221;727738d1-e948-451d-bad1-aa2a19b3d04a&#8221; global_colors_info=&#8221;{}&#8221;]<\/p>\n<p><span>Toutes les branches de la psychologie permettent une meilleure connaissance de Soi et sont valables. <\/span><\/p>\n<p><span>Ce qui importe surtout c\u2019est l\u2019alliance th\u00e9rapeutique, l\u2019engagement dans cet ouvrage, le respect de l\u2019int\u00e9grit\u00e9 et du rythme impos\u00e9 par les processus internes dans le chemin de la gu\u00e9rison.<\/span><\/p>\n<p class=\"Corps\"><span class=\"Aucun\"><span style=\"font-size: 13.0pt;\">Le th\u00e9rapeute n\u2019a pas r\u00e9ponse \u00e0 tout mais il vous accompagne afin que vous trouviez les r\u00e9ponses justes en vous, celles qui ne viennent pas \u00e0 l\u2019esprit, lorsqu\u2019il y a des blocages \u00e9motionnels par exemple. <o:p><\/o:p><\/span><\/span><\/p>\n<p>[\/et_pb_text][et_pb_heading title=&#8221;%22Mon travail consiste \u00e0 cela, vous accompagner vers votre MIEUX-\u00caTRE.   Vous permettre de mieux vous conna\u00eetre et de vous lib\u00e9rer de ce qui entrave \u00e0 votre BIEN-\u00caTRE%22&#8243; _builder_version=&#8221;4.27.4&#8243; _module_preset=&#8221;2a33d75f-918c-4d96-bca3-5d09708ad465&#8243; title_font=&#8221;Montserrat|700|on||||||&#8221; title_text_color=&#8221;gcid-fa3e187d-20a7-4c5a-962d-49a38117a4cc&#8221; global_colors_info=&#8221;{%22gcid-fa3e187d-20a7-4c5a-962d-49a38117a4cc%22:%91%22title_text_color%22%93}&#8221;][\/et_pb_heading][\/et_pb_column][\/et_pb_row][\/et_pb_section]<\/p>\n","protected":false},"excerpt":{"rendered":"<p>Psychopraticienne pluridisciplinaire, psychanalyste, musicienne, ancienne professeure de piano et de chant durant 20 ans, m\u00e8re d\u00e9vou\u00e9e de 4 enfants. J\u2019accompagne mes clients dans leur processus d\u2019individuation et de r\u00e9alisation gr\u00e2ce \u00e0 une large palette d\u2019outils d\u00e9velopp\u00e9s gr\u00e2ce \u00e0 mon expertise et au travers de multiples formations.Toutes les branches de la psychologie permettent une meilleure connaissance [&hellip;]<\/p>\n","protected":false},"author":1,"featured_media":0,"parent":0,"menu_order":0,"comment_status":"closed","ping_status":"closed","template":"","meta":{"_et_pb_use_builder":"on","_et_pb_old_content":"","_et_gb_content_width":"","footnotes":""},"class_list":["post-66","page","type-page","status-publish","hentry"],"_links":{"self":[{"href":"https:\/\/mlm-psy.com\/index.php\/wp-json\/wp\/v2\/pages\/66","targetHints":{"allow":["GET"]}}],"collection":[{"href":"https:\/\/mlm-psy.com\/index.php\/wp-json\/wp\/v2\/pages"}],"about":[{"href":"https:\/\/mlm-psy.com\/index.php\/wp-json\/wp\/v2\/types\/page"}],"author":[{"embeddable":true,"href":"https:\/\/mlm-psy.com\/index.php\/wp-json\/wp\/v2\/users\/1"}],"replies":[{"embeddable":true,"href":"https:\/\/mlm-psy.com\/index.php\/wp-json\/wp\/v2\/comments?post=66"}],"version-history":[{"count":8,"href":"https:\/\/mlm-psy.com\/index.php\/wp-json\/wp\/v2\/pages\/66\/revisions"}],"predecessor-version":[{"id":178,"href":"https:\/\/mlm-psy.com\/index.php\/wp-json\/wp\/v2\/pages\/66\/revisions\/178"}],"wp:attachment":[{"href":"https:\/\/mlm-psy.com\/index.php\/wp-json\/wp\/v2\/media?parent=66"}],"curies":[{"name":"wp","href":"https:\/\/api.w.org\/{rel}","templated":true}]}}